{"id":115,"date":"2025-05-19T16:58:11","date_gmt":"2025-05-19T14:58:11","guid":{"rendered":"https:\/\/gomove.space\/?page_id=115"},"modified":"2025-05-19T17:02:41","modified_gmt":"2025-05-19T15:02:41","slug":"cookie-policy","status":"publish","type":"page","link":"https:\/\/gomove.space\/?page_id=115","title":{"rendered":"Cookie policy"},"content":{"rendered":"<style>.elementor-115 .elementor-element.elementor-element-6c668c2{--display:flex;--flex-direction:row;--container-widget-width:calc( ( 1 - var( --container-widget-flex-grow ) ) * 100% );--container-widget-height:100%;--container-widget-flex-grow:1;--container-widget-align-self:stretch;--flex-wrap-mobile:wrap;--justify-content:space-between;--align-items:center;--overlay-opacity:0.5;border-style:solid;--border-style:solid;border-width:0px 0px 1px 0px;--border-top-width:0px;--border-right-width:0px;--border-bottom-width:1px;--border-left-width:0px;}.elementor-115 .elementor-element.elementor-element-6c668c2::before, .elementor-115 .elementor-element.elementor-element-6c668c2 > .elementor-background-video-container::before, .elementor-115 .elementor-element.elementor-element-6c668c2 > .e-con-inner > .elementor-background-video-container::before, .elementor-115 .elementor-element.elementor-element-6c668c2 > .elementor-background-slideshow::before, .elementor-115 .elementor-element.elementor-element-6c668c2 > .e-con-inner > .elementor-background-slideshow::before, .elementor-115 .elementor-element.elementor-element-6c668c2 > .elementor-motion-effects-container > .elementor-motion-effects-layer::before{--background-overlay:'';}.elementor-widget-heading .elementor-heading-title{font-family:var( --e-global-typography-primary-font-family ), Sans-serif;font-size:var( --e-global-typography-primary-font-size );font-weight:var( --e-global-typography-primary-font-weight );color:var( --e-global-color-primary );}.elementor-115 .elementor-element.elementor-element-3b3300a .elementor-heading-title{font-family:\"Sora\", Sans-serif;font-size:30px;font-weight:600;text-transform:capitalize;line-height:1.1em;letter-spacing:-2px;}.elementor-115 .elementor-element.elementor-element-5c79781 .elementskit-menu-container{height:80px;border-radius:0px 0px 0px 0px;}.elementor-115 .elementor-element.elementor-element-5c79781 .elementskit-navbar-nav > li > a:hover{color:#707070;}.elementor-115 .elementor-element.elementor-element-5c79781 .elementskit-navbar-nav > li > a:focus{color:#707070;}.elementor-115 .elementor-element.elementor-element-5c79781 .elementskit-navbar-nav > li > a:active{color:#707070;}.elementor-115 .elementor-element.elementor-element-5c79781 .elementskit-navbar-nav > li:hover > a{color:#707070;}.elementor-115 .elementor-element.elementor-element-5c79781 .elementskit-navbar-nav > li:hover > a .elementskit-submenu-indicator{color:#707070;}.elementor-115 .elementor-element.elementor-element-5c79781 .elementskit-navbar-nav > li > a:hover .elementskit-submenu-indicator{color:#707070;}.elementor-115 .elementor-element.elementor-element-5c79781 .elementskit-navbar-nav > li > a:focus .elementskit-submenu-indicator{color:#707070;}.elementor-115 .elementor-element.elementor-element-5c79781 .elementskit-navbar-nav > li > a:active .elementskit-submenu-indicator{color:#707070;}.elementor-115 .elementor-element.elementor-element-5c79781 .elementskit-navbar-nav > li.current-menu-item > a{color:#707070;}.elementor-115 .elementor-element.elementor-element-5c79781 .elementskit-navbar-nav > li.current-menu-ancestor > a{color:#707070;}.elementor-115 .elementor-element.elementor-element-5c79781 .elementskit-navbar-nav > li.current-menu-ancestor > a .elementskit-submenu-indicator{color:#707070;}.elementor-115 .elementor-element.elementor-element-5c79781 .elementskit-navbar-nav > li > a{padding:0px 15px 0px 15px;}.elementor-115 .elementor-element.elementor-element-5c79781 .elementskit-navbar-nav > li > a .elementskit-submenu-indicator{color:#101010;fill:#101010;}.elementor-115 .elementor-element.elementor-element-5c79781 .elementskit-navbar-nav > li > a .ekit-submenu-indicator-icon{color:#101010;fill:#101010;}.elementor-115 .elementor-element.elementor-element-5c79781 .elementskit-navbar-nav .elementskit-submenu-panel > li > a{padding:15px 15px 15px 15px;color:#000000;}.elementor-115 .elementor-element.elementor-element-5c79781 .elementskit-navbar-nav .elementskit-submenu-panel > li > a:hover{color:#707070;}.elementor-115 .elementor-element.elementor-element-5c79781 .elementskit-navbar-nav .elementskit-submenu-panel > li > a:focus{color:#707070;}.elementor-115 .elementor-element.elementor-element-5c79781 .elementskit-navbar-nav .elementskit-submenu-panel > li > a:active{color:#707070;}.elementor-115 .elementor-element.elementor-element-5c79781 .elementskit-navbar-nav .elementskit-submenu-panel > li:hover > a{color:#707070;}.elementor-115 .elementor-element.elementor-element-5c79781 .elementskit-navbar-nav .elementskit-submenu-panel > li.current-menu-item > a{color:#707070 !important;}.elementor-115 .elementor-element.elementor-element-5c79781 .elementskit-submenu-panel{padding:15px 0px 15px 0px;}.elementor-115 .elementor-element.elementor-element-5c79781 .elementskit-navbar-nav .elementskit-submenu-panel{border-radius:0px 0px 0px 0px;min-width:220px;}.elementor-115 .elementor-element.elementor-element-5c79781 .elementskit-menu-hamburger{float:right;}.elementor-115 .elementor-element.elementor-element-5c79781 .elementskit-menu-hamburger:hover .elementskit-menu-hamburger-icon{background-color:rgba(0, 0, 0, 0.5);}.elementor-115 .elementor-element.elementor-element-5c79781 .elementskit-menu-hamburger:hover > .ekit-menu-icon{color:rgba(0, 0, 0, 0.5);}.elementor-115 .elementor-element.elementor-element-5c79781 .elementskit-menu-close:hover{color:rgba(0, 0, 0, 0.5);}.elementor-115 .elementor-element.elementor-element-6c09fe50{--display:flex;--flex-direction:row;--container-widget-width:calc( ( 1 - var( --container-widget-flex-grow ) ) * 100% );--container-widget-height:100%;--container-widget-flex-grow:1;--container-widget-align-self:stretch;--flex-wrap-mobile:wrap;--justify-content:center;--align-items:center;--overlay-opacity:0.5;}.elementor-115 .elementor-element.elementor-element-6c09fe50:not(.elementor-motion-effects-element-type-background), .elementor-115 .elementor-element.elementor-element-6c09fe50 > .elementor-motion-effects-container > .elementor-motion-effects-layer{background-color:var( --e-global-color-secondary );}.elementor-115 .elementor-element.elementor-element-6c09fe50::before, .elementor-115 .elementor-element.elementor-element-6c09fe50 > .elementor-background-video-container::before, .elementor-115 .elementor-element.elementor-element-6c09fe50 > .e-con-inner > .elementor-background-video-container::before, .elementor-115 .elementor-element.elementor-element-6c09fe50 > .elementor-background-slideshow::before, .elementor-115 .elementor-element.elementor-element-6c09fe50 > .e-con-inner > .elementor-background-slideshow::before, .elementor-115 .elementor-element.elementor-element-6c09fe50 > .elementor-motion-effects-container > .elementor-motion-effects-layer::before{--background-overlay:'';}.elementor-115 .elementor-element.elementor-element-3e17e293 .elementor-heading-title{font-family:\"Roboto\", Sans-serif;font-size:60px;font-weight:600;color:var( --e-global-color-e0ebb02 );}.elementor-115 .elementor-element.elementor-element-36f0de3a{--display:flex;--flex-direction:row;--container-widget-width:calc( ( 1 - var( --container-widget-flex-grow ) ) * 100% );--container-widget-height:100%;--container-widget-flex-grow:1;--container-widget-align-self:stretch;--flex-wrap-mobile:wrap;--justify-content:space-between;--align-items:center;--overlay-opacity:0.5;--padding-top:90px;--padding-bottom:90px;--padding-left:0px;--padding-right:0px;}.elementor-115 .elementor-element.elementor-element-36f0de3a::before, .elementor-115 .elementor-element.elementor-element-36f0de3a > .elementor-background-video-container::before, .elementor-115 .elementor-element.elementor-element-36f0de3a > .e-con-inner > .elementor-background-video-container::before, .elementor-115 .elementor-element.elementor-element-36f0de3a > .elementor-background-slideshow::before, .elementor-115 .elementor-element.elementor-element-36f0de3a > .e-con-inner > .elementor-background-slideshow::before, .elementor-115 .elementor-element.elementor-element-36f0de3a > .elementor-motion-effects-container > .elementor-motion-effects-layer::before{--background-overlay:'';}.elementor-widget-text-editor{font-family:var( --e-global-typography-text-font-family ), Sans-serif;font-size:var( --e-global-typography-text-font-size );font-weight:var( --e-global-typography-text-font-weight );text-decoration:var( --e-global-typography-text-text-decoration );color:var( --e-global-color-text );}.elementor-widget-text-editor.elementor-drop-cap-view-stacked .elementor-drop-cap{background-color:var( --e-global-color-primary );}.elementor-widget-text-editor.elementor-drop-cap-view-framed .elementor-drop-cap, .elementor-widget-text-editor.elementor-drop-cap-view-default .elementor-drop-cap{color:var( --e-global-color-primary );border-color:var( --e-global-color-primary );}.elementor-115 .elementor-element.elementor-element-7a570d7f > .elementor-widget-container{padding:90px 15px 0px 5px;}.elementor-115 .elementor-element.elementor-element-7a570d7f{font-family:\"Roboto\", Sans-serif;font-size:22px;font-weight:400;}@media(max-width:1024px){.elementor-115 .elementor-element.elementor-element-6c668c2{--padding-top:20px;--padding-bottom:20px;--padding-left:20px;--padding-right:20px;}.elementor-widget-heading .elementor-heading-title{font-size:var( --e-global-typography-primary-font-size );}.elementor-115 .elementor-element.elementor-element-3b3300a .elementor-heading-title{font-size:42px;}.elementor-115 .elementor-element.elementor-element-5c79781 .elementskit-nav-identity-panel{padding:10px 0px 10px 0px;}.elementor-115 .elementor-element.elementor-element-5c79781 .elementskit-menu-container{max-width:350px;border-radius:0px 0px 0px 0px;}.elementor-115 .elementor-element.elementor-element-5c79781 .elementskit-navbar-nav > li > a{color:#000000;padding:10px 15px 10px 15px;}.elementor-115 .elementor-element.elementor-element-5c79781 .elementskit-navbar-nav .elementskit-submenu-panel > li > a{padding:15px 15px 15px 15px;}.elementor-115 .elementor-element.elementor-element-5c79781 .elementskit-navbar-nav .elementskit-submenu-panel{border-radius:0px 0px 0px 0px;}.elementor-115 .elementor-element.elementor-element-5c79781 .elementskit-menu-hamburger{padding:8px 8px 8px 8px;width:45px;border-radius:3px;}.elementor-115 .elementor-element.elementor-element-5c79781 .elementskit-menu-close{padding:8px 8px 8px 8px;margin:12px 12px 12px 12px;width:45px;border-radius:3px;}.elementor-115 .elementor-element.elementor-element-5c79781 .elementskit-nav-logo > img{max-width:160px;max-height:60px;}.elementor-115 .elementor-element.elementor-element-5c79781 .elementskit-nav-logo{margin:5px 0px 5px 0px;padding:5px 5px 5px 5px;}.elementor-115 .elementor-element.elementor-element-6c09fe50{--padding-top:20px;--padding-bottom:20px;--padding-left:20px;--padding-right:20px;}.elementor-115 .elementor-element.elementor-element-36f0de3a{--padding-top:20px;--padding-bottom:20px;--padding-left:20px;--padding-right:20px;}.elementor-widget-text-editor{font-size:var( --e-global-typography-text-font-size );}}@media(max-width:767px){.elementor-115 .elementor-element.elementor-element-6c668c2{--justify-content:center;border-width:0px 0px 1px 0px;--border-top-width:0px;--border-right-width:0px;--border-bottom-width:1px;--border-left-width:0px;}.elementor-widget-heading .elementor-heading-title{font-size:var( --e-global-typography-primary-font-size );}.elementor-115 .elementor-element.elementor-element-3b3300a .elementor-heading-title{font-size:33px;}.elementor-115 .elementor-element.elementor-element-5c79781 .elementskit-nav-logo > img{max-width:120px;max-height:50px;}.elementor-115 .elementor-element.elementor-element-6c09fe50{--justify-content:center;}.elementor-115 .elementor-element.elementor-element-3e17e293 .elementor-heading-title{font-size:30px;}.elementor-115 .elementor-element.elementor-element-36f0de3a{--justify-content:center;}.elementor-widget-text-editor{font-size:var( --e-global-typography-text-font-size );}.elementor-115 .elementor-element.elementor-element-7a570d7f{font-size:18px;}}<\/style>\t\t<div data-elementor-type=\"wp-page\" data-elementor-id=\"115\" class=\"elementor elementor-115\">\n\t\t\t\t<div class=\"elementor-element elementor-element-6c668c2 e-flex e-con-boxed e-con e-parent\" data-id=\"6c668c2\" data-element_type=\"container\" data-settings=\"{&quot;background_background&quot;:&quot;classic&quot;}\">\n\t\t\t\t\t<div class=\"e-con-inner\">\n\t\t\t\t<div class=\"elementor-element elementor-element-3b3300a elementor-widget elementor-widget-heading\" data-id=\"3b3300a\" data-element_type=\"widget\" data-widget_type=\"heading.default\">\n\t\t\t\t<div class=\"elementor-widget-container\">\n\t\t\t\t\t<h2 class=\"elementor-heading-title elementor-size-default\"><a href=\"https:\/\/gomove.space\/\">gomove.space<\/a><\/h2>\t\t\t\t<\/div>\n\t\t\t\t<\/div>\n\t\t\t\t<div class=\"elementor-element elementor-element-5c79781 elementor-widget elementor-widget-ekit-nav-menu\" data-id=\"5c79781\" data-element_type=\"widget\" data-widget_type=\"ekit-nav-menu.default\">\n\t\t\t\t<div class=\"elementor-widget-container\">\n\t\t\t\t\t\t\t<nav class=\"ekit-wid-con ekit_menu_responsive_tablet\" \n\t\t\tdata-hamburger-icon=\"\" \n\t\t\tdata-hamburger-icon-type=\"icon\" \n\t\t\tdata-responsive-breakpoint=\"1024\">\n\t\t\t            <button class=\"elementskit-menu-hamburger elementskit-menu-toggler\"  type=\"button\" aria-label=\"hamburger-icon\">\n                                    <span class=\"elementskit-menu-hamburger-icon\"><\/span><span class=\"elementskit-menu-hamburger-icon\"><\/span><span class=\"elementskit-menu-hamburger-icon\"><\/span>\n                            <\/button>\n            <div id=\"ekit-megamenu-menu\" class=\"elementskit-menu-container elementskit-menu-offcanvas-elements elementskit-navbar-nav-default ekit-nav-menu-one-page-no ekit-nav-dropdown-hover\"><ul id=\"menu-menu\" class=\"elementskit-navbar-nav elementskit-menu-po-left submenu-click-on-icon\"><li id=\"menu-item-171\" class=\"menu-item menu-item-type-custom menu-item-object-custom menu-item-171 nav-item elementskit-mobile-builder-content\" data-vertical-menu=750px><a href=\"\/\" class=\"ekit-menu-nav-link\">Pagina principal\u0103<\/a><\/li>\n<li id=\"menu-item-243\" class=\"menu-item menu-item-type-post_type menu-item-object-page menu-item-243 nav-item elementskit-mobile-builder-content\" data-vertical-menu=750px><a href=\"https:\/\/gomove.space\/?page_id=127\" class=\"ekit-menu-nav-link\">Contacte<\/a><\/li>\n<li id=\"menu-item-177\" class=\"menu-item menu-item-type-post_type menu-item-object-page menu-item-177 nav-item elementskit-mobile-builder-content\" data-vertical-menu=750px><a href=\"https:\/\/gomove.space\/?page_id=154\" class=\"ekit-menu-nav-link\">Pre\u0163<\/a><\/li>\n<li id=\"menu-item-172\" class=\"menu-item menu-item-type-custom menu-item-object-custom menu-item-172 nav-item elementskit-mobile-builder-content\" data-vertical-menu=750px><a href=\"\/?page_id=121\" class=\"ekit-menu-nav-link\">Blog<\/a><\/li>\n<li id=\"menu-item-244\" class=\"menu-item menu-item-type-custom menu-item-object-custom menu-item-has-children menu-item-244 nav-item elementskit-dropdown-has relative_position elementskit-dropdown-menu-default_width elementskit-mobile-builder-content\" data-vertical-menu=750px><a href=\"#\" class=\"ekit-menu-nav-link ekit-menu-dropdown-toggle\">Politica site-ului<i aria-hidden=\"true\" class=\"icon icon-down-arrow1 elementskit-submenu-indicator\"><\/i><\/a>\n<ul class=\"elementskit-dropdown elementskit-submenu-panel\">\n\t<li id=\"menu-item-174\" class=\"menu-item menu-item-type-custom menu-item-object-custom menu-item-174 nav-item elementskit-mobile-builder-content\" data-vertical-menu=750px><a href=\"\/?page_id=118\" class=\" dropdown-item\">Politica de confiden\u021bialitate<\/a>\t<li id=\"menu-item-175\" class=\"menu-item menu-item-type-custom menu-item-object-custom menu-item-175 nav-item elementskit-mobile-builder-content\" data-vertical-menu=750px><a href=\"\/?page_id=115\" class=\" dropdown-item\">Politica privind cookie-urile<\/a>\t<li id=\"menu-item-176\" class=\"menu-item menu-item-type-custom menu-item-object-custom menu-item-176 nav-item elementskit-mobile-builder-content\" data-vertical-menu=750px><a href=\"\/?page_id=124\" class=\" dropdown-item\">Declinare de responsabilitate<\/a><\/ul>\n<\/li>\n<\/ul><div class=\"elementskit-nav-identity-panel\"><button class=\"elementskit-menu-close elementskit-menu-toggler\" type=\"button\">X<\/button><\/div><\/div>\t\t\t\n\t\t\t<div class=\"elementskit-menu-overlay elementskit-menu-offcanvas-elements elementskit-menu-toggler ekit-nav-menu--overlay\"><\/div>        <\/nav>\n\t\t\t\t\t\t<\/div>\n\t\t\t\t<\/div>\n\t\t\t\t\t<\/div>\n\t\t\t\t<\/div>\n\t\t<div class=\"elementor-element elementor-element-6c09fe50 e-flex e-con-boxed e-con e-parent\" data-id=\"6c09fe50\" data-element_type=\"container\" data-settings=\"{&quot;background_background&quot;:&quot;gradient&quot;}\">\n\t\t\t\t\t<div class=\"e-con-inner\">\n\t\t\t\t<div class=\"elementor-element elementor-element-3e17e293 elementor-widget elementor-widget-heading\" data-id=\"3e17e293\" data-element_type=\"widget\" data-widget_type=\"heading.default\">\n\t\t\t\t<div class=\"elementor-widget-container\">\n\t\t\t\t\t<h2 class=\"elementor-heading-title elementor-size-default\">Politica privind cookie-urile<\/h2>\t\t\t\t<\/div>\n\t\t\t\t<\/div>\n\t\t\t\t\t<\/div>\n\t\t\t\t<\/div>\n\t\t<div class=\"elementor-element elementor-element-36f0de3a e-flex e-con-boxed e-con e-parent\" data-id=\"36f0de3a\" data-element_type=\"container\" data-settings=\"{&quot;background_background&quot;:&quot;classic&quot;}\">\n\t\t\t\t\t<div class=\"e-con-inner\">\n\t\t\t\t<div class=\"elementor-element elementor-element-7a570d7f elementor-widget elementor-widget-text-editor\" data-id=\"7a570d7f\" data-element_type=\"widget\" data-widget_type=\"text-editor.default\">\n\t\t\t\t<div class=\"elementor-widget-container\">\n\t\t\t\t\t\t\t\t\t<p>Introducere<\/p><p>Aceast\u0103 Politic\u0103 privind cookie-urile explic\u0103 modul \u00een care utiliz\u0103m cookie-urile \u0219i tehnologiile similare pentru a v\u0103 recunoa\u0219te atunci c\u00e2nd vizita\u021bi site-ul nostru web (denumit colectiv \u201eSite-ul\u201d). Aceasta explic\u0103 ce sunt aceste tehnologii, de ce le folosim \u0219i drepturile dumneavoastr\u0103 de a controla utilizarea lor.<\/p><p>Ce sunt cookie-urile?<\/p><p>Cookie-urile sunt fi\u0219iere de date mici care sunt plasate pe computer sau pe dispozitivul dumneavoastr\u0103 mobil atunci c\u00e2nd vizita\u021bi un site web. Cookie-urile sunt utilizate pe scar\u0103 larg\u0103 de c\u0103tre proprietarii de site-uri web pentru a face site-urile lor web s\u0103 func\u021bioneze sau s\u0103 func\u021bioneze mai eficient, precum \u0219i pentru a furniza informa\u021bii de raportare.<\/p><p>Tipuri de cookie-uri pe care le utiliz\u0103m<\/p><p>Cookie-uri esen\u021biale: Aceste cookie-uri sunt necesare pentru ca site-ul web s\u0103 func\u021bioneze corect. Acestea permit func\u021bionalit\u0103\u021bi de baz\u0103, cum ar fi navigarea pe pagini \u0219i accesul la zonele securizate ale site-ului web.<br \/>Cookie-uri de performan\u021b\u0103: Aceste cookie-uri colecteaz\u0103 informa\u021bii despre modul \u00een care vizitatorii utilizeaz\u0103 un site web, cum ar fi paginile pe care le viziteaz\u0103 cel mai des \u0219i dac\u0103 primesc mesaje de eroare de la paginile web.<br \/>Cookie-uri func\u021bionale: Aceste cookie-uri permit site-ului web s\u0103-\u0219i aminteasc\u0103 alegerile pe care le face\u021bi (cum ar fi numele de utilizator, limba sau regiunea) \u0219i s\u0103 ofere func\u021bii \u00eembun\u0103t\u0103\u021bite \u0219i mai personalizate.<br \/>Cookie-uri de direc\u021bionare: Aceste cookie-uri sunt utilizate pentru a difuza reclame relevante pentru dumneavoastr\u0103 \u0219i interesele dumneavoastr\u0103. De asemenea, acestea limiteaz\u0103 num\u0103rul de apari\u021bii ale unei reclame \u0219i ajut\u0103 la m\u0103surarea eficien\u021bei campaniei publicitare.<\/p><p><br \/>De ce folosim cookie-uri?<\/p><p><br \/>Folosim cookie-uri din mai multe motive, inclusiv:<\/p><p><br \/>Pentru a asigura buna func\u021bionare a site-ului nostru web.<br \/>Pentru a analiza traficul site-ului web \u0219i a \u00eembun\u0103t\u0103\u021bi experien\u021ba utilizatorului.<br \/>Pentru a oferi con\u021binut \u0219i reclame personalizate.<br \/>Pentru a re\u021bine preferin\u021bele \u0219i set\u0103rile dvs.<\/p><p><br \/>Alegerile dvs. privind cookie-urile<\/p><p><br \/>Ave\u021bi dreptul de a decide dac\u0103 accepta\u021bi sau respinge\u021bi cookie-urile. Pute\u021bi seta sau modifica controalele browserului dvs. web pentru a accepta sau a refuza cookie-urile. Dac\u0103 alege\u021bi s\u0103 respinge\u021bi cookie-urile, pute\u021bi utiliza \u00een continuare site-ul nostru web, dar accesul dvs. la anumite func\u021bionalit\u0103\u021bi \u0219i zone ale site-ului nostru web poate fi restric\u021bionat.<\/p><p><br \/>Gestionarea cookie-urilor<\/p><p><br \/>Majoritatea browserelor web v\u0103 permit s\u0103 controla\u021bi cookie-urile prin set\u0103rile lor. Pentru a afla mai multe despre cum s\u0103 gestiona\u021bi cookie-urile, accesa\u021bi meniul de ajutor al browserului dvs. Mai jos g\u0103si\u021bi linkuri c\u0103tre informa\u021bii despre gestionarea cookie-urilor \u00een browserele populare:<\/p><p>Google Chrome<br \/>Mozilla Firefox<br \/>Microsoft Edge<br \/>Safari<\/p><p>Actualiz\u0103ri ale acestei Politici privind cookie-urile<\/p><p>Este posibil s\u0103 actualiz\u0103m periodic aceast\u0103 Politic\u0103 privind cookie-urile pentru a reflecta modific\u0103rile aduse cookie-urilor pe care le utiliz\u0103m sau din alte motive opera\u021bionale, legale sau de reglementare. V\u0103 rug\u0103m s\u0103 revizui\u021bi periodic aceast\u0103 Politic\u0103 privind cookie-urile pentru a fi la curent cu utilizarea cookie-urilor \u0219i a tehnologiilor conexe.<\/p><p>Contacta\u021bi-ne<\/p><p>Dac\u0103 ave\u021bi \u00eentreb\u0103ri despre aceast\u0103 Politic\u0103 privind cookie-urile, v\u0103 rug\u0103m s\u0103 ne contacta\u021bi.<\/p>\t\t\t\t\t\t\t\t<\/div>\n\t\t\t\t<\/div>\n\t\t\t\t\t<\/div>\n\t\t\t\t<\/div>\n\t\t\t\t<\/div>\n\t\t","protected":false},"excerpt":{"rendered":"<p>gomove.space Home Page Contact Price Blog Privacy Policy Cookie Policy Disclaimer X Politica privind cookie-urile Introducere Aceast\u0103 Politic\u0103 privind cookie-urile explic\u0103 modul \u00een care utiliz\u0103m cookie-urile \u0219i tehnologiile similare pentru a v\u0103 recunoa\u0219te atunci c\u00e2nd vizita\u021bi site-ul nostru web (denumit colectiv \u201eSite-ul\u201d). Aceasta explic\u0103 ce sunt aceste tehnologii, de ce le folosim \u0219i drepturile dumneavoastr\u0103 [&hellip;]<\/p>\n","protected":false},"author":1,"featured_media":0,"parent":0,"menu_order":0,"comment_status":"closed","ping_status":"closed","template":"elementor_canvas","meta":{"footnotes":""},"class_list":["post-115","page","type-page","status-publish","hentry"],"_links":{"self":[{"href":"https:\/\/gomove.space\/index.php?rest_route=\/wp\/v2\/pages\/115","targetHints":{"allow":["GET"]}}],"collection":[{"href":"https:\/\/gomove.space\/index.php?rest_route=\/wp\/v2\/pages"}],"about":[{"href":"https:\/\/gomove.space\/index.php?rest_route=\/wp\/v2\/types\/page"}],"author":[{"embeddable":true,"href":"https:\/\/gomove.space\/index.php?rest_route=\/wp\/v2\/users\/1"}],"replies":[{"embeddable":true,"href":"https:\/\/gomove.space\/index.php?rest_route=%2Fwp%2Fv2%2Fcomments&post=115"}],"version-history":[{"count":7,"href":"https:\/\/gomove.space\/index.php?rest_route=\/wp\/v2\/pages\/115\/revisions"}],"predecessor-version":[{"id":216,"href":"https:\/\/gomove.space\/index.php?rest_route=\/wp\/v2\/pages\/115\/revisions\/216"}],"wp:attachment":[{"href":"https:\/\/gomove.space\/index.php?rest_route=%2Fwp%2Fv2%2Fmedia&parent=115"}],"curies":[{"name":"wp","href":"https:\/\/api.w.org\/{rel}","templated":true}]}}