{"id":118,"date":"2025-05-19T16:58:11","date_gmt":"2025-05-19T14:58:11","guid":{"rendered":"https:\/\/gomove.space\/?page_id=118"},"modified":"2025-05-19T17:02:16","modified_gmt":"2025-05-19T15:02:16","slug":"privacy-policy","status":"publish","type":"page","link":"https:\/\/gomove.space\/?page_id=118","title":{"rendered":"Privacy-policy"},"content":{"rendered":"<style>.elementor-118 .elementor-element.elementor-element-2f955e48{--display:flex;--flex-direction:row;--container-widget-width:calc( ( 1 - var( --container-widget-flex-grow ) ) * 100% );--container-widget-height:100%;--container-widget-flex-grow:1;--container-widget-align-self:stretch;--flex-wrap-mobile:wrap;--justify-content:space-between;--align-items:center;--overlay-opacity:0.5;border-style:solid;--border-style:solid;border-width:0px 0px 1px 0px;--border-top-width:0px;--border-right-width:0px;--border-bottom-width:1px;--border-left-width:0px;}.elementor-118 .elementor-element.elementor-element-2f955e48::before, .elementor-118 .elementor-element.elementor-element-2f955e48 > .elementor-background-video-container::before, .elementor-118 .elementor-element.elementor-element-2f955e48 > .e-con-inner > .elementor-background-video-container::before, .elementor-118 .elementor-element.elementor-element-2f955e48 > .elementor-background-slideshow::before, .elementor-118 .elementor-element.elementor-element-2f955e48 > .e-con-inner > .elementor-background-slideshow::before, .elementor-118 .elementor-element.elementor-element-2f955e48 > .elementor-motion-effects-container > .elementor-motion-effects-layer::before{--background-overlay:'';}.elementor-widget-heading .elementor-heading-title{font-family:var( --e-global-typography-primary-font-family ), Sans-serif;font-size:var( --e-global-typography-primary-font-size );font-weight:var( --e-global-typography-primary-font-weight );color:var( --e-global-color-primary );}.elementor-118 .elementor-element.elementor-element-7e5068e .elementor-heading-title{font-family:\"Sora\", Sans-serif;font-size:30px;font-weight:600;text-transform:capitalize;line-height:1.1em;letter-spacing:-2px;}.elementor-118 .elementor-element.elementor-element-3bf943f4 .elementskit-menu-container{height:80px;border-radius:0px 0px 0px 0px;}.elementor-118 .elementor-element.elementor-element-3bf943f4 .elementskit-navbar-nav > li > a:hover{color:#707070;}.elementor-118 .elementor-element.elementor-element-3bf943f4 .elementskit-navbar-nav > li > a:focus{color:#707070;}.elementor-118 .elementor-element.elementor-element-3bf943f4 .elementskit-navbar-nav > li > a:active{color:#707070;}.elementor-118 .elementor-element.elementor-element-3bf943f4 .elementskit-navbar-nav > li:hover > a{color:#707070;}.elementor-118 .elementor-element.elementor-element-3bf943f4 .elementskit-navbar-nav > li:hover > a .elementskit-submenu-indicator{color:#707070;}.elementor-118 .elementor-element.elementor-element-3bf943f4 .elementskit-navbar-nav > li > a:hover .elementskit-submenu-indicator{color:#707070;}.elementor-118 .elementor-element.elementor-element-3bf943f4 .elementskit-navbar-nav > li > a:focus .elementskit-submenu-indicator{color:#707070;}.elementor-118 .elementor-element.elementor-element-3bf943f4 .elementskit-navbar-nav > li > a:active .elementskit-submenu-indicator{color:#707070;}.elementor-118 .elementor-element.elementor-element-3bf943f4 .elementskit-navbar-nav > li.current-menu-item > a{color:#707070;}.elementor-118 .elementor-element.elementor-element-3bf943f4 .elementskit-navbar-nav > li.current-menu-ancestor > a{color:#707070;}.elementor-118 .elementor-element.elementor-element-3bf943f4 .elementskit-navbar-nav > li.current-menu-ancestor > a .elementskit-submenu-indicator{color:#707070;}.elementor-118 .elementor-element.elementor-element-3bf943f4 .elementskit-navbar-nav > li > a{padding:0px 15px 0px 15px;}.elementor-118 .elementor-element.elementor-element-3bf943f4 .elementskit-navbar-nav > li > a .elementskit-submenu-indicator{color:#101010;fill:#101010;}.elementor-118 .elementor-element.elementor-element-3bf943f4 .elementskit-navbar-nav > li > a .ekit-submenu-indicator-icon{color:#101010;fill:#101010;}.elementor-118 .elementor-element.elementor-element-3bf943f4 .elementskit-navbar-nav .elementskit-submenu-panel > li > a{padding:15px 15px 15px 15px;color:#000000;}.elementor-118 .elementor-element.elementor-element-3bf943f4 .elementskit-navbar-nav .elementskit-submenu-panel > li > a:hover{color:#707070;}.elementor-118 .elementor-element.elementor-element-3bf943f4 .elementskit-navbar-nav .elementskit-submenu-panel > li > a:focus{color:#707070;}.elementor-118 .elementor-element.elementor-element-3bf943f4 .elementskit-navbar-nav .elementskit-submenu-panel > li > a:active{color:#707070;}.elementor-118 .elementor-element.elementor-element-3bf943f4 .elementskit-navbar-nav .elementskit-submenu-panel > li:hover > a{color:#707070;}.elementor-118 .elementor-element.elementor-element-3bf943f4 .elementskit-navbar-nav .elementskit-submenu-panel > li.current-menu-item > a{color:#707070 !important;}.elementor-118 .elementor-element.elementor-element-3bf943f4 .elementskit-submenu-panel{padding:15px 0px 15px 0px;}.elementor-118 .elementor-element.elementor-element-3bf943f4 .elementskit-navbar-nav .elementskit-submenu-panel{border-radius:0px 0px 0px 0px;min-width:220px;}.elementor-118 .elementor-element.elementor-element-3bf943f4 .elementskit-menu-hamburger{float:right;}.elementor-118 .elementor-element.elementor-element-3bf943f4 .elementskit-menu-hamburger:hover .elementskit-menu-hamburger-icon{background-color:rgba(0, 0, 0, 0.5);}.elementor-118 .elementor-element.elementor-element-3bf943f4 .elementskit-menu-hamburger:hover > .ekit-menu-icon{color:rgba(0, 0, 0, 0.5);}.elementor-118 .elementor-element.elementor-element-3bf943f4 .elementskit-menu-close:hover{color:rgba(0, 0, 0, 0.5);}.elementor-118 .elementor-element.elementor-element-5e94dfbe{--display:flex;--flex-direction:row;--container-widget-width:calc( ( 1 - var( --container-widget-flex-grow ) ) * 100% );--container-widget-height:100%;--container-widget-flex-grow:1;--container-widget-align-self:stretch;--flex-wrap-mobile:wrap;--justify-content:center;--align-items:center;--overlay-opacity:0.5;}.elementor-118 .elementor-element.elementor-element-5e94dfbe:not(.elementor-motion-effects-element-type-background), .elementor-118 .elementor-element.elementor-element-5e94dfbe > .elementor-motion-effects-container > .elementor-motion-effects-layer{background-color:var( --e-global-color-secondary );}.elementor-118 .elementor-element.elementor-element-5e94dfbe::before, .elementor-118 .elementor-element.elementor-element-5e94dfbe > .elementor-background-video-container::before, .elementor-118 .elementor-element.elementor-element-5e94dfbe > .e-con-inner > .elementor-background-video-container::before, .elementor-118 .elementor-element.elementor-element-5e94dfbe > .elementor-background-slideshow::before, .elementor-118 .elementor-element.elementor-element-5e94dfbe > .e-con-inner > .elementor-background-slideshow::before, .elementor-118 .elementor-element.elementor-element-5e94dfbe > .elementor-motion-effects-container > .elementor-motion-effects-layer::before{--background-overlay:'';}.elementor-118 .elementor-element.elementor-element-5210cb1 .elementor-heading-title{font-family:\"Roboto\", Sans-serif;font-size:60px;font-weight:600;color:var( --e-global-color-e0ebb02 );}.elementor-118 .elementor-element.elementor-element-64913df9{--display:flex;--flex-direction:row;--container-widget-width:calc( ( 1 - var( --container-widget-flex-grow ) ) * 100% );--container-widget-height:100%;--container-widget-flex-grow:1;--container-widget-align-self:stretch;--flex-wrap-mobile:wrap;--justify-content:space-between;--align-items:center;--overlay-opacity:0.5;}.elementor-118 .elementor-element.elementor-element-64913df9::before, .elementor-118 .elementor-element.elementor-element-64913df9 > .elementor-background-video-container::before, .elementor-118 .elementor-element.elementor-element-64913df9 > .e-con-inner > .elementor-background-video-container::before, .elementor-118 .elementor-element.elementor-element-64913df9 > .elementor-background-slideshow::before, .elementor-118 .elementor-element.elementor-element-64913df9 > .e-con-inner > .elementor-background-slideshow::before, .elementor-118 .elementor-element.elementor-element-64913df9 > .elementor-motion-effects-container > .elementor-motion-effects-layer::before{--background-overlay:'';}.elementor-widget-text-editor{font-family:var( --e-global-typography-text-font-family ), Sans-serif;font-size:var( --e-global-typography-text-font-size );font-weight:var( --e-global-typography-text-font-weight );text-decoration:var( --e-global-typography-text-text-decoration );color:var( --e-global-color-text );}.elementor-widget-text-editor.elementor-drop-cap-view-stacked .elementor-drop-cap{background-color:var( --e-global-color-primary );}.elementor-widget-text-editor.elementor-drop-cap-view-framed .elementor-drop-cap, .elementor-widget-text-editor.elementor-drop-cap-view-default .elementor-drop-cap{color:var( --e-global-color-primary );border-color:var( --e-global-color-primary );}.elementor-118 .elementor-element.elementor-element-170116f3 > .elementor-widget-container{padding:90px 0px 90px 0px;}.elementor-118 .elementor-element.elementor-element-170116f3{font-family:\"Roboto\", Sans-serif;font-size:22px;font-weight:400;}@media(max-width:1024px){.elementor-118 .elementor-element.elementor-element-2f955e48{--padding-top:20px;--padding-bottom:20px;--padding-left:20px;--padding-right:20px;}.elementor-widget-heading .elementor-heading-title{font-size:var( --e-global-typography-primary-font-size );}.elementor-118 .elementor-element.elementor-element-7e5068e .elementor-heading-title{font-size:42px;}.elementor-118 .elementor-element.elementor-element-3bf943f4 .elementskit-nav-identity-panel{padding:10px 0px 10px 0px;}.elementor-118 .elementor-element.elementor-element-3bf943f4 .elementskit-menu-container{max-width:350px;border-radius:0px 0px 0px 0px;}.elementor-118 .elementor-element.elementor-element-3bf943f4 .elementskit-navbar-nav > li > a{color:#000000;padding:10px 15px 10px 15px;}.elementor-118 .elementor-element.elementor-element-3bf943f4 .elementskit-navbar-nav .elementskit-submenu-panel > li > a{padding:15px 15px 15px 15px;}.elementor-118 .elementor-element.elementor-element-3bf943f4 .elementskit-navbar-nav .elementskit-submenu-panel{border-radius:0px 0px 0px 0px;}.elementor-118 .elementor-element.elementor-element-3bf943f4 .elementskit-menu-hamburger{padding:8px 8px 8px 8px;width:45px;border-radius:3px;}.elementor-118 .elementor-element.elementor-element-3bf943f4 .elementskit-menu-close{padding:8px 8px 8px 8px;margin:12px 12px 12px 12px;width:45px;border-radius:3px;}.elementor-118 .elementor-element.elementor-element-3bf943f4 .elementskit-nav-logo > img{max-width:160px;max-height:60px;}.elementor-118 .elementor-element.elementor-element-3bf943f4 .elementskit-nav-logo{margin:5px 0px 5px 0px;padding:5px 5px 5px 5px;}.elementor-118 .elementor-element.elementor-element-5e94dfbe{--padding-top:20px;--padding-bottom:20px;--padding-left:20px;--padding-right:20px;}.elementor-118 .elementor-element.elementor-element-64913df9{--padding-top:20px;--padding-bottom:20px;--padding-left:20px;--padding-right:20px;}.elementor-widget-text-editor{font-size:var( --e-global-typography-text-font-size );}}@media(max-width:767px){.elementor-118 .elementor-element.elementor-element-2f955e48{--justify-content:center;border-width:0px 0px 1px 0px;--border-top-width:0px;--border-right-width:0px;--border-bottom-width:1px;--border-left-width:0px;}.elementor-widget-heading .elementor-heading-title{font-size:var( --e-global-typography-primary-font-size );}.elementor-118 .elementor-element.elementor-element-7e5068e .elementor-heading-title{font-size:33px;}.elementor-118 .elementor-element.elementor-element-3bf943f4 .elementskit-nav-logo > img{max-width:120px;max-height:50px;}.elementor-118 .elementor-element.elementor-element-5e94dfbe{--justify-content:center;}.elementor-118 .elementor-element.elementor-element-5210cb1 .elementor-heading-title{font-size:30px;}.elementor-118 .elementor-element.elementor-element-64913df9{--justify-content:center;}.elementor-widget-text-editor{font-size:var( --e-global-typography-text-font-size );}}<\/style>\t\t<div data-elementor-type=\"wp-page\" data-elementor-id=\"118\" class=\"elementor elementor-118\">\n\t\t\t\t<div class=\"elementor-element elementor-element-2f955e48 e-flex e-con-boxed e-con e-parent\" data-id=\"2f955e48\" data-element_type=\"container\" data-settings=\"{&quot;background_background&quot;:&quot;classic&quot;}\">\n\t\t\t\t\t<div class=\"e-con-inner\">\n\t\t\t\t<div class=\"elementor-element elementor-element-7e5068e elementor-widget elementor-widget-heading\" data-id=\"7e5068e\" data-element_type=\"widget\" data-widget_type=\"heading.default\">\n\t\t\t\t<div class=\"elementor-widget-container\">\n\t\t\t\t\t<h2 class=\"elementor-heading-title elementor-size-default\"><a href=\"https:\/\/startupvision.fun\/\">startupvision.fun<\/a><\/h2>\t\t\t\t<\/div>\n\t\t\t\t<\/div>\n\t\t\t\t<div class=\"elementor-element elementor-element-3bf943f4 elementor-widget elementor-widget-ekit-nav-menu\" data-id=\"3bf943f4\" data-element_type=\"widget\" data-widget_type=\"ekit-nav-menu.default\">\n\t\t\t\t<div class=\"elementor-widget-container\">\n\t\t\t\t\t\t\t<nav class=\"ekit-wid-con ekit_menu_responsive_tablet\" \n\t\t\tdata-hamburger-icon=\"\" \n\t\t\tdata-hamburger-icon-type=\"icon\" \n\t\t\tdata-responsive-breakpoint=\"1024\">\n\t\t\t            <button class=\"elementskit-menu-hamburger elementskit-menu-toggler\"  type=\"button\" aria-label=\"hamburger-icon\">\n                                    <span class=\"elementskit-menu-hamburger-icon\"><\/span><span class=\"elementskit-menu-hamburger-icon\"><\/span><span class=\"elementskit-menu-hamburger-icon\"><\/span>\n                            <\/button>\n            <div id=\"ekit-megamenu-menu\" class=\"elementskit-menu-container elementskit-menu-offcanvas-elements elementskit-navbar-nav-default ekit-nav-menu-one-page-no ekit-nav-dropdown-hover\"><ul id=\"menu-menu\" class=\"elementskit-navbar-nav elementskit-menu-po-left submenu-click-on-icon\"><li id=\"menu-item-171\" class=\"menu-item menu-item-type-custom menu-item-object-custom menu-item-171 nav-item elementskit-mobile-builder-content\" data-vertical-menu=750px><a href=\"\/\" class=\"ekit-menu-nav-link\">Pagina principal\u0103<\/a><\/li>\n<li id=\"menu-item-243\" class=\"menu-item menu-item-type-post_type menu-item-object-page menu-item-243 nav-item elementskit-mobile-builder-content\" data-vertical-menu=750px><a href=\"https:\/\/gomove.space\/?page_id=127\" class=\"ekit-menu-nav-link\">Contacte<\/a><\/li>\n<li id=\"menu-item-177\" class=\"menu-item menu-item-type-post_type menu-item-object-page menu-item-177 nav-item elementskit-mobile-builder-content\" data-vertical-menu=750px><a href=\"https:\/\/gomove.space\/?page_id=154\" class=\"ekit-menu-nav-link\">Pre\u0163<\/a><\/li>\n<li id=\"menu-item-172\" class=\"menu-item menu-item-type-custom menu-item-object-custom menu-item-172 nav-item elementskit-mobile-builder-content\" data-vertical-menu=750px><a href=\"\/?page_id=121\" class=\"ekit-menu-nav-link\">Blog<\/a><\/li>\n<li id=\"menu-item-244\" class=\"menu-item menu-item-type-custom menu-item-object-custom menu-item-has-children menu-item-244 nav-item elementskit-dropdown-has relative_position elementskit-dropdown-menu-default_width elementskit-mobile-builder-content\" data-vertical-menu=750px><a href=\"#\" class=\"ekit-menu-nav-link ekit-menu-dropdown-toggle\">Politica site-ului<i aria-hidden=\"true\" class=\"icon icon-down-arrow1 elementskit-submenu-indicator\"><\/i><\/a>\n<ul class=\"elementskit-dropdown elementskit-submenu-panel\">\n\t<li id=\"menu-item-174\" class=\"menu-item menu-item-type-custom menu-item-object-custom menu-item-174 nav-item elementskit-mobile-builder-content\" data-vertical-menu=750px><a href=\"\/?page_id=118\" class=\" dropdown-item\">Politica de confiden\u021bialitate<\/a>\t<li id=\"menu-item-175\" class=\"menu-item menu-item-type-custom menu-item-object-custom menu-item-175 nav-item elementskit-mobile-builder-content\" data-vertical-menu=750px><a href=\"\/?page_id=115\" class=\" dropdown-item\">Politica privind cookie-urile<\/a>\t<li id=\"menu-item-176\" class=\"menu-item menu-item-type-custom menu-item-object-custom menu-item-176 nav-item elementskit-mobile-builder-content\" data-vertical-menu=750px><a href=\"\/?page_id=124\" class=\" dropdown-item\">Declinare de responsabilitate<\/a><\/ul>\n<\/li>\n<\/ul><div class=\"elementskit-nav-identity-panel\"><button class=\"elementskit-menu-close elementskit-menu-toggler\" type=\"button\">X<\/button><\/div><\/div>\t\t\t\n\t\t\t<div class=\"elementskit-menu-overlay elementskit-menu-offcanvas-elements elementskit-menu-toggler ekit-nav-menu--overlay\"><\/div>        <\/nav>\n\t\t\t\t\t\t<\/div>\n\t\t\t\t<\/div>\n\t\t\t\t\t<\/div>\n\t\t\t\t<\/div>\n\t\t<div class=\"elementor-element elementor-element-5e94dfbe e-flex e-con-boxed e-con e-parent\" data-id=\"5e94dfbe\" data-element_type=\"container\" data-settings=\"{&quot;background_background&quot;:&quot;gradient&quot;}\">\n\t\t\t\t\t<div class=\"e-con-inner\">\n\t\t\t\t<div class=\"elementor-element elementor-element-5210cb1 elementor-widget elementor-widget-heading\" data-id=\"5210cb1\" data-element_type=\"widget\" data-widget_type=\"heading.default\">\n\t\t\t\t<div class=\"elementor-widget-container\">\n\t\t\t\t\t<h2 class=\"elementor-heading-title elementor-size-default\">Politica de confiden\u021bialitate<\/h2>\t\t\t\t<\/div>\n\t\t\t\t<\/div>\n\t\t\t\t\t<\/div>\n\t\t\t\t<\/div>\n\t\t<div class=\"elementor-element elementor-element-64913df9 e-flex e-con-boxed e-con e-parent\" data-id=\"64913df9\" data-element_type=\"container\" data-settings=\"{&quot;background_background&quot;:&quot;classic&quot;}\">\n\t\t\t\t\t<div class=\"e-con-inner\">\n\t\t\t\t<div class=\"elementor-element elementor-element-170116f3 elementor-widget elementor-widget-text-editor\" data-id=\"170116f3\" data-element_type=\"widget\" data-widget_type=\"text-editor.default\">\n\t\t\t\t<div class=\"elementor-widget-container\">\n\t\t\t\t\t\t\t\t\t<p>Introducere<\/p><p>Ne angaj\u0103m s\u0103 v\u0103 protej\u0103m informa\u021biile personale \u0219i dreptul la confiden\u021bialitate. Aceast\u0103 Politic\u0103 de confiden\u021bialitate explic\u0103 modul \u00een care colect\u0103m, utiliz\u0103m, divulg\u0103m \u0219i protej\u0103m informa\u021biile dumneavoastr\u0103 atunci c\u00e2nd vizita\u021bi site-ul nostru web, inclusiv orice alt\u0103 form\u0103 media, canal media, site web mobil sau aplica\u021bie mobil\u0103 legat\u0103 sau conectat\u0103 la acesta (denumite colectiv \u201eSite-ul\u201d). V\u0103 rug\u0103m s\u0103 citi\u021bi cu aten\u021bie aceast\u0103 politic\u0103 de confiden\u021bialitate. Dac\u0103 nu sunte\u021bi de acord cu termenii acestei politici de confiden\u021bialitate, v\u0103 rug\u0103m s\u0103 nu accesa\u021bi site-ul.<\/p><p>Informa\u021biile pe care le colect\u0103m<\/p><p>Putem colecta informa\u021bii despre dumneavoastr\u0103 \u00een diverse moduri. Informa\u021biile pe care le putem colecta pe Site includ:<\/p><p>Date personale<\/p><p>Informa\u021bii de identificare personal\u0103, cum ar fi numele, adresa de e-mail \u0219i num\u0103rul de telefon, pe care ni le furniza\u021bi \u00een mod voluntar atunci c\u00e2nd v\u0103 \u00eenregistra\u021bi pe Site sau c\u00e2nd alege\u021bi s\u0103 participa\u021bi la diverse activit\u0103\u021bi legate de Site, cum ar fi chat-ul online sau forumurile de discu\u021bii.<\/p><p>Date derivate<\/p><p>Informa\u021bii pe care serverele noastre le colecteaz\u0103 automat atunci c\u00e2nd accesa\u021bi Site-ul, cum ar fi adresa IP, tipul de browser, sistemul de operare, orele de acces \u0219i paginile pe care le-a\u021bi vizualizat direct \u00eenainte \u0219i dup\u0103 accesarea Site-ului.<\/p><p>Date financiare<\/p><p>Informa\u021bii financiare, cum ar fi date legate de metoda dvs. de plat\u0103 (de exemplu, num\u0103rul cardului de credit valid, marca cardului, data expir\u0103rii) pe care le putem colecta atunci c\u00e2nd achizi\u021biona\u021bi, comanda\u021bi, returna\u021bi, schimba\u021bi sau solicita\u021bi informa\u021bii despre serviciile noastre de pe Site.<\/p><p>Utilizarea informa\u021biilor dvs.<\/p><p>De\u021binerea de informa\u021bii exacte despre dvs. ne permite s\u0103 v\u0103 oferim o experien\u021b\u0103 fluid\u0103, eficient\u0103 \u0219i personalizat\u0103. Mai exact, putem utiliza informa\u021biile colectate despre dvs. prin intermediul Site-ului pentru:<\/p><p>A crea \u0219i gestiona contul dvs.<br \/>A procesa tranzac\u021bii \u0219i a trimite confirm\u0103ri.<br \/>A r\u0103spunde solicit\u0103rilor de servicii pentru clien\u021bi.<br \/>A trimite informa\u021bii administrative, cum ar fi actualiz\u0103ri, alerte de securitate \u0219i asisten\u021b\u0103.<br \/>A livra publicitate \u0219i promo\u021bii direc\u021bionate.<br \/>A \u00eembun\u0103t\u0103\u021bi site-ul nostru web \u0219i experien\u021ba utilizatorului.<\/p><p>Divulgarea informa\u021biilor dvs.<\/p><p>Putem partaja informa\u021bii pe care le-am colectat despre dvs. \u00een anumite situa\u021bii. Informa\u021biile dumneavoastr\u0103 pot fi divulgate dup\u0103 cum urmeaz\u0103:<\/p><p>Prin lege sau pentru protejarea drepturilor<\/p><p>Dac\u0103 consider\u0103m c\u0103 divulgarea informa\u021biilor despre dumneavoastr\u0103 este necesar\u0103 pentru a r\u0103spunde unui proces legal, pentru a investiga sau remedia poten\u021biale \u00eenc\u0103lc\u0103ri ale politicilor noastre sau pentru a proteja drepturile, proprietatea \u0219i siguran\u021ba altora, putem partaja informa\u021biile dumneavoastr\u0103 conform permisiunii sau cerin\u021belor oric\u0103rei legi, reguli sau reglement\u0103ri aplicabile.<\/p><p>Furnizori de servicii ter\u021bi<\/p><p>Putem partaja informa\u021biile dumneavoastr\u0103 cu ter\u021be p\u0103r\u021bi care presteaz\u0103 servicii pentru noi sau \u00een numele nostru, inclusiv procesarea pl\u0103\u021bilor, analiza datelor, livrarea de e-mailuri, servicii de g\u0103zduire, servicii pentru clien\u021bi \u0219i asisten\u021b\u0103 de marketing.<\/p><p>Afilia\u021bi<\/p><p>Putem partaja informa\u021biile dumneavoastr\u0103 cu afilia\u021bii no\u0219tri, caz \u00een care vom solicita acestor afilia\u021bi s\u0103 respecte aceast\u0103 Politic\u0103 de confiden\u021bialitate.<\/p><p>Alte ter\u021be p\u0103r\u021bi<\/p><p>Putem partaja informa\u021biile dumneavoastr\u0103 cu agen\u021bii de publicitate \u0219i investitori \u00een scopul efectu\u0103rii unor analize generale de afaceri. De asemenea, putem partaja informa\u021biile dumneavoastr\u0103 cu astfel de ter\u021be p\u0103r\u021bi \u00een scopuri de marketing, conform permisiunii legii.<\/p><p>Securitatea informa\u021biilor dumneavoastr\u0103<\/p><p>Utiliz\u0103m m\u0103suri administrative, tehnice \u0219i fizice de securitate pentru a v\u0103 proteja informa\u021biile personale. De\u0219i am luat m\u0103suri rezonabile pentru a securiza informa\u021biile personale pe care ni le furniza\u021bi, v\u0103 rug\u0103m s\u0103 re\u021bine\u021bi c\u0103 nicio m\u0103sur\u0103 de securitate nu este perfect\u0103 sau impenetrabil\u0103 \u0219i nicio metod\u0103 de transmitere a datelor nu poate fi garantat\u0103 \u00eempotriva intercept\u0103rii sau utiliz\u0103rii abuzive.<\/p><p><br \/>Politica pentru copii<\/p><p><br \/>Nu solicit\u0103m cu bun\u0103 \u0219tiin\u021b\u0103 informa\u021bii de la \u0219i nu comercializ\u0103m c\u0103tre copii sub v\u00e2rsta de 13 ani. Dac\u0103 afla\u021bi despre orice date pe care le-am colectat de la copii sub v\u00e2rsta de 13 ani, v\u0103 rug\u0103m s\u0103 ne contacta\u021bi.<\/p><p><br \/>Op\u021biuni privind informa\u021biile dvs.<\/p><p><br \/>Informa\u021bii despre cont<\/p><p><br \/>Pute\u021bi oric\u00e2nd s\u0103 revizui\u021bi sau s\u0103 modifica\u021bi informa\u021biile din contul dvs. sau s\u0103 v\u0103 \u00eenchide\u021bi contul prin:<\/p><p><br \/>Conect\u00e2ndu-v\u0103 la set\u0103rile contului dvs. \u0219i actualiz\u00e2nd contul.<\/p><p><br \/>Contact\u00e2ndu-ne.<\/p><p><br \/>La solicitarea dvs. de \u00eenchidere a contului, vom dezactiva sau \u0219terge contul \u0219i informa\u021biile dvs. din bazele noastre de date active. Cu toate acestea, unele informa\u021bii pot fi p\u0103strate \u00een fi\u0219ierele noastre pentru a preveni frauda, \u200b\u200ba depana problemele, a ajuta la orice investiga\u021bii, a aplica Termenii \u0219i condi\u021biile noastre de utilizare \u0219i\/sau a respecta cerin\u021bele legale.<\/p><p><br \/>E-mailuri \u0219i comunic\u0103ri<\/p><p>Dac\u0103 nu mai dori\u021bi s\u0103 primi\u021bi coresponden\u021b\u0103, e-mailuri sau alte comunic\u0103ri de la noi, v\u0103 pute\u021bi dezabona prin:<\/p><p>Urmarea instruc\u021biunilor de dezabonare furnizate \u00een e-mail.<br \/>Contactarea noastr\u0103.<\/p><p>Contacta\u021bi-ne<\/p><p>Dac\u0103 ave\u021bi \u00eentreb\u0103ri sau comentarii despre aceast\u0103 Politic\u0103 de confiden\u021bialitate, v\u0103 rug\u0103m s\u0103 ne contacta\u021bi.<\/p>\t\t\t\t\t\t\t\t<\/div>\n\t\t\t\t<\/div>\n\t\t\t\t\t<\/div>\n\t\t\t\t<\/div>\n\t\t\t\t<\/div>\n\t\t","protected":false},"excerpt":{"rendered":"<p>startupvision.fun Home Page Contact Price Blog Privacy Policy Cookie Policy Disclaimer X Politica de confiden\u021bialitate Introducere Ne angaj\u0103m s\u0103 v\u0103 protej\u0103m informa\u021biile personale \u0219i dreptul la confiden\u021bialitate. Aceast\u0103 Politic\u0103 de confiden\u021bialitate explic\u0103 modul \u00een care colect\u0103m, utiliz\u0103m, divulg\u0103m \u0219i protej\u0103m informa\u021biile dumneavoastr\u0103 atunci c\u00e2nd vizita\u021bi site-ul nostru web, inclusiv orice alt\u0103 form\u0103 media, canal media, [&hellip;]<\/p>\n","protected":false},"author":1,"featured_media":0,"parent":0,"menu_order":0,"comment_status":"closed","ping_status":"closed","template":"elementor_canvas","meta":{"footnotes":""},"class_list":["post-118","page","type-page","status-publish","hentry"],"_links":{"self":[{"href":"https:\/\/gomove.space\/index.php?rest_route=\/wp\/v2\/pages\/118","targetHints":{"allow":["GET"]}}],"collection":[{"href":"https:\/\/gomove.space\/index.php?rest_route=\/wp\/v2\/pages"}],"about":[{"href":"https:\/\/gomove.space\/index.php?rest_route=\/wp\/v2\/types\/page"}],"author":[{"embeddable":true,"href":"https:\/\/gomove.space\/index.php?rest_route=\/wp\/v2\/users\/1"}],"replies":[{"embeddable":true,"href":"https:\/\/gomove.space\/index.php?rest_route=%2Fwp%2Fv2%2Fcomments&post=118"}],"version-history":[{"count":13,"href":"https:\/\/gomove.space\/index.php?rest_route=\/wp\/v2\/pages\/118\/revisions"}],"predecessor-version":[{"id":209,"href":"https:\/\/gomove.space\/index.php?rest_route=\/wp\/v2\/pages\/118\/revisions\/209"}],"wp:attachment":[{"href":"https:\/\/gomove.space\/index.php?rest_route=%2Fwp%2Fv2%2Fmedia&parent=118"}],"curies":[{"name":"wp","href":"https:\/\/api.w.org\/{rel}","templated":true}]}}