{"id":124,"date":"2025-05-19T16:58:11","date_gmt":"2025-05-19T14:58:11","guid":{"rendered":"https:\/\/gomove.space\/?page_id=124"},"modified":"2025-05-19T17:01:58","modified_gmt":"2025-05-19T15:01:58","slug":"disclaimer","status":"publish","type":"page","link":"https:\/\/gomove.space\/?page_id=124","title":{"rendered":"Disclaimer"},"content":{"rendered":"<style>.elementor-124 .elementor-element.elementor-element-3b2eba9{--display:flex;--flex-direction:row;--container-widget-width:calc( ( 1 - var( --container-widget-flex-grow ) ) * 100% );--container-widget-height:100%;--container-widget-flex-grow:1;--container-widget-align-self:stretch;--flex-wrap-mobile:wrap;--justify-content:space-between;--align-items:center;--overlay-opacity:0.5;border-style:solid;--border-style:solid;border-width:0px 0px 1px 0px;--border-top-width:0px;--border-right-width:0px;--border-bottom-width:1px;--border-left-width:0px;}.elementor-124 .elementor-element.elementor-element-3b2eba9::before, .elementor-124 .elementor-element.elementor-element-3b2eba9 > .elementor-background-video-container::before, .elementor-124 .elementor-element.elementor-element-3b2eba9 > .e-con-inner > .elementor-background-video-container::before, .elementor-124 .elementor-element.elementor-element-3b2eba9 > .elementor-background-slideshow::before, .elementor-124 .elementor-element.elementor-element-3b2eba9 > .e-con-inner > .elementor-background-slideshow::before, .elementor-124 .elementor-element.elementor-element-3b2eba9 > .elementor-motion-effects-container > .elementor-motion-effects-layer::before{--background-overlay:'';}.elementor-widget-heading .elementor-heading-title{font-family:var( --e-global-typography-primary-font-family ), Sans-serif;font-size:var( --e-global-typography-primary-font-size );font-weight:var( --e-global-typography-primary-font-weight );color:var( --e-global-color-primary );}.elementor-124 .elementor-element.elementor-element-6090583 .elementor-heading-title{font-family:\"Sora\", Sans-serif;font-size:30px;font-weight:600;text-transform:capitalize;line-height:1.1em;letter-spacing:-2px;}.elementor-124 .elementor-element.elementor-element-6039727 .elementskit-menu-container{height:80px;border-radius:0px 0px 0px 0px;}.elementor-124 .elementor-element.elementor-element-6039727 .elementskit-navbar-nav > li > a:hover{color:#707070;}.elementor-124 .elementor-element.elementor-element-6039727 .elementskit-navbar-nav > li > a:focus{color:#707070;}.elementor-124 .elementor-element.elementor-element-6039727 .elementskit-navbar-nav > li > a:active{color:#707070;}.elementor-124 .elementor-element.elementor-element-6039727 .elementskit-navbar-nav > li:hover > a{color:#707070;}.elementor-124 .elementor-element.elementor-element-6039727 .elementskit-navbar-nav > li:hover > a .elementskit-submenu-indicator{color:#707070;}.elementor-124 .elementor-element.elementor-element-6039727 .elementskit-navbar-nav > li > a:hover .elementskit-submenu-indicator{color:#707070;}.elementor-124 .elementor-element.elementor-element-6039727 .elementskit-navbar-nav > li > a:focus .elementskit-submenu-indicator{color:#707070;}.elementor-124 .elementor-element.elementor-element-6039727 .elementskit-navbar-nav > li > a:active .elementskit-submenu-indicator{color:#707070;}.elementor-124 .elementor-element.elementor-element-6039727 .elementskit-navbar-nav > li.current-menu-item > a{color:#707070;}.elementor-124 .elementor-element.elementor-element-6039727 .elementskit-navbar-nav > li.current-menu-ancestor > a{color:#707070;}.elementor-124 .elementor-element.elementor-element-6039727 .elementskit-navbar-nav > li.current-menu-ancestor > a .elementskit-submenu-indicator{color:#707070;}.elementor-124 .elementor-element.elementor-element-6039727 .elementskit-navbar-nav > li > a{padding:0px 15px 0px 15px;}.elementor-124 .elementor-element.elementor-element-6039727 .elementskit-navbar-nav > li > a .elementskit-submenu-indicator{color:#101010;fill:#101010;}.elementor-124 .elementor-element.elementor-element-6039727 .elementskit-navbar-nav > li > a .ekit-submenu-indicator-icon{color:#101010;fill:#101010;}.elementor-124 .elementor-element.elementor-element-6039727 .elementskit-navbar-nav .elementskit-submenu-panel > li > a{padding:15px 15px 15px 15px;color:#000000;}.elementor-124 .elementor-element.elementor-element-6039727 .elementskit-navbar-nav .elementskit-submenu-panel > li > a:hover{color:#707070;}.elementor-124 .elementor-element.elementor-element-6039727 .elementskit-navbar-nav .elementskit-submenu-panel > li > a:focus{color:#707070;}.elementor-124 .elementor-element.elementor-element-6039727 .elementskit-navbar-nav .elementskit-submenu-panel > li > a:active{color:#707070;}.elementor-124 .elementor-element.elementor-element-6039727 .elementskit-navbar-nav .elementskit-submenu-panel > li:hover > a{color:#707070;}.elementor-124 .elementor-element.elementor-element-6039727 .elementskit-navbar-nav .elementskit-submenu-panel > li.current-menu-item > a{color:#707070 !important;}.elementor-124 .elementor-element.elementor-element-6039727 .elementskit-submenu-panel{padding:15px 0px 15px 0px;}.elementor-124 .elementor-element.elementor-element-6039727 .elementskit-navbar-nav .elementskit-submenu-panel{border-radius:0px 0px 0px 0px;min-width:220px;}.elementor-124 .elementor-element.elementor-element-6039727 .elementskit-menu-hamburger{float:right;}.elementor-124 .elementor-element.elementor-element-6039727 .elementskit-menu-hamburger:hover .elementskit-menu-hamburger-icon{background-color:rgba(0, 0, 0, 0.5);}.elementor-124 .elementor-element.elementor-element-6039727 .elementskit-menu-hamburger:hover > .ekit-menu-icon{color:rgba(0, 0, 0, 0.5);}.elementor-124 .elementor-element.elementor-element-6039727 .elementskit-menu-close:hover{color:rgba(0, 0, 0, 0.5);}.elementor-124 .elementor-element.elementor-element-1b25d1b5{--display:flex;--flex-direction:row;--container-widget-width:calc( ( 1 - var( --container-widget-flex-grow ) ) * 100% );--container-widget-height:100%;--container-widget-flex-grow:1;--container-widget-align-self:stretch;--flex-wrap-mobile:wrap;--justify-content:center;--align-items:center;--overlay-opacity:0.5;}.elementor-124 .elementor-element.elementor-element-1b25d1b5:not(.elementor-motion-effects-element-type-background), .elementor-124 .elementor-element.elementor-element-1b25d1b5 > .elementor-motion-effects-container > .elementor-motion-effects-layer{background-color:var( --e-global-color-secondary );}.elementor-124 .elementor-element.elementor-element-1b25d1b5::before, .elementor-124 .elementor-element.elementor-element-1b25d1b5 > .elementor-background-video-container::before, .elementor-124 .elementor-element.elementor-element-1b25d1b5 > .e-con-inner > .elementor-background-video-container::before, .elementor-124 .elementor-element.elementor-element-1b25d1b5 > .elementor-background-slideshow::before, .elementor-124 .elementor-element.elementor-element-1b25d1b5 > .e-con-inner > .elementor-background-slideshow::before, .elementor-124 .elementor-element.elementor-element-1b25d1b5 > .elementor-motion-effects-container > .elementor-motion-effects-layer::before{--background-overlay:'';}.elementor-124 .elementor-element.elementor-element-3490d567 .elementor-heading-title{font-family:\"Roboto\", Sans-serif;font-size:60px;font-weight:600;color:var( --e-global-color-3cffc77 );}.elementor-124 .elementor-element.elementor-element-3b36fb2e{--display:flex;--flex-direction:row;--container-widget-width:calc( ( 1 - var( --container-widget-flex-grow ) ) * 100% );--container-widget-height:100%;--container-widget-flex-grow:1;--container-widget-align-self:stretch;--flex-wrap-mobile:wrap;--justify-content:space-between;--align-items:center;--overlay-opacity:0.5;--padding-top:90px;--padding-bottom:90px;--padding-left:0px;--padding-right:0px;}.elementor-124 .elementor-element.elementor-element-3b36fb2e::before, .elementor-124 .elementor-element.elementor-element-3b36fb2e > .elementor-background-video-container::before, .elementor-124 .elementor-element.elementor-element-3b36fb2e > .e-con-inner > .elementor-background-video-container::before, .elementor-124 .elementor-element.elementor-element-3b36fb2e > .elementor-background-slideshow::before, .elementor-124 .elementor-element.elementor-element-3b36fb2e > .e-con-inner > .elementor-background-slideshow::before, .elementor-124 .elementor-element.elementor-element-3b36fb2e > .elementor-motion-effects-container > .elementor-motion-effects-layer::before{--background-overlay:'';}.elementor-widget-text-editor{font-family:var( --e-global-typography-text-font-family ), Sans-serif;font-size:var( --e-global-typography-text-font-size );font-weight:var( --e-global-typography-text-font-weight );text-decoration:var( --e-global-typography-text-text-decoration );color:var( --e-global-color-text );}.elementor-widget-text-editor.elementor-drop-cap-view-stacked .elementor-drop-cap{background-color:var( --e-global-color-primary );}.elementor-widget-text-editor.elementor-drop-cap-view-framed .elementor-drop-cap, .elementor-widget-text-editor.elementor-drop-cap-view-default .elementor-drop-cap{color:var( --e-global-color-primary );border-color:var( --e-global-color-primary );}.elementor-124 .elementor-element.elementor-element-76ca8a08{font-family:\"Roboto\", Sans-serif;font-size:22px;font-weight:400;}@media(max-width:1024px){.elementor-124 .elementor-element.elementor-element-3b2eba9{--padding-top:20px;--padding-bottom:20px;--padding-left:20px;--padding-right:20px;}.elementor-widget-heading .elementor-heading-title{font-size:var( --e-global-typography-primary-font-size );}.elementor-124 .elementor-element.elementor-element-6090583 .elementor-heading-title{font-size:42px;}.elementor-124 .elementor-element.elementor-element-6039727 .elementskit-nav-identity-panel{padding:10px 0px 10px 0px;}.elementor-124 .elementor-element.elementor-element-6039727 .elementskit-menu-container{max-width:350px;border-radius:0px 0px 0px 0px;}.elementor-124 .elementor-element.elementor-element-6039727 .elementskit-navbar-nav > li > a{color:#000000;padding:10px 15px 10px 15px;}.elementor-124 .elementor-element.elementor-element-6039727 .elementskit-navbar-nav .elementskit-submenu-panel > li > a{padding:15px 15px 15px 15px;}.elementor-124 .elementor-element.elementor-element-6039727 .elementskit-navbar-nav .elementskit-submenu-panel{border-radius:0px 0px 0px 0px;}.elementor-124 .elementor-element.elementor-element-6039727 .elementskit-menu-hamburger{padding:8px 8px 8px 8px;width:45px;border-radius:3px;}.elementor-124 .elementor-element.elementor-element-6039727 .elementskit-menu-close{padding:8px 8px 8px 8px;margin:12px 12px 12px 12px;width:45px;border-radius:3px;}.elementor-124 .elementor-element.elementor-element-6039727 .elementskit-nav-logo > img{max-width:160px;max-height:60px;}.elementor-124 .elementor-element.elementor-element-6039727 .elementskit-nav-logo{margin:5px 0px 5px 0px;padding:5px 5px 5px 5px;}.elementor-124 .elementor-element.elementor-element-1b25d1b5{--padding-top:20px;--padding-bottom:20px;--padding-left:20px;--padding-right:20px;}.elementor-124 .elementor-element.elementor-element-3b36fb2e{--padding-top:20px;--padding-bottom:20px;--padding-left:20px;--padding-right:20px;}.elementor-widget-text-editor{font-size:var( --e-global-typography-text-font-size );}}@media(max-width:767px){.elementor-124 .elementor-element.elementor-element-3b2eba9{--justify-content:center;border-width:0px 0px 1px 0px;--border-top-width:0px;--border-right-width:0px;--border-bottom-width:1px;--border-left-width:0px;}.elementor-widget-heading .elementor-heading-title{font-size:var( --e-global-typography-primary-font-size );}.elementor-124 .elementor-element.elementor-element-6090583 .elementor-heading-title{font-size:33px;}.elementor-124 .elementor-element.elementor-element-6039727 .elementskit-nav-logo > img{max-width:120px;max-height:50px;}.elementor-124 .elementor-element.elementor-element-1b25d1b5{--justify-content:center;}.elementor-124 .elementor-element.elementor-element-3490d567 .elementor-heading-title{font-size:30px;}.elementor-124 .elementor-element.elementor-element-3b36fb2e{--justify-content:center;}.elementor-widget-text-editor{font-size:var( --e-global-typography-text-font-size );}.elementor-124 .elementor-element.elementor-element-76ca8a08{font-size:18px;}}<\/style>\t\t<div data-elementor-type=\"wp-page\" data-elementor-id=\"124\" class=\"elementor elementor-124\">\n\t\t\t\t<div class=\"elementor-element elementor-element-3b2eba9 e-flex e-con-boxed e-con e-parent\" data-id=\"3b2eba9\" data-element_type=\"container\" data-settings=\"{&quot;background_background&quot;:&quot;classic&quot;}\">\n\t\t\t\t\t<div class=\"e-con-inner\">\n\t\t\t\t<div class=\"elementor-element elementor-element-6090583 elementor-widget elementor-widget-heading\" data-id=\"6090583\" data-element_type=\"widget\" data-widget_type=\"heading.default\">\n\t\t\t\t<div class=\"elementor-widget-container\">\n\t\t\t\t\t<h2 class=\"elementor-heading-title elementor-size-default\"><a href=\"https:\/\/gomove.space\/\">gomove.space<\/a><\/h2>\t\t\t\t<\/div>\n\t\t\t\t<\/div>\n\t\t\t\t<div class=\"elementor-element elementor-element-6039727 elementor-widget elementor-widget-ekit-nav-menu\" data-id=\"6039727\" data-element_type=\"widget\" data-widget_type=\"ekit-nav-menu.default\">\n\t\t\t\t<div class=\"elementor-widget-container\">\n\t\t\t\t\t\t\t<nav class=\"ekit-wid-con ekit_menu_responsive_tablet\" \n\t\t\tdata-hamburger-icon=\"\" \n\t\t\tdata-hamburger-icon-type=\"icon\" \n\t\t\tdata-responsive-breakpoint=\"1024\">\n\t\t\t            <button class=\"elementskit-menu-hamburger elementskit-menu-toggler\"  type=\"button\" aria-label=\"hamburger-icon\">\n                                    <span class=\"elementskit-menu-hamburger-icon\"><\/span><span class=\"elementskit-menu-hamburger-icon\"><\/span><span class=\"elementskit-menu-hamburger-icon\"><\/span>\n                            <\/button>\n            <div id=\"ekit-megamenu-menu\" class=\"elementskit-menu-container elementskit-menu-offcanvas-elements elementskit-navbar-nav-default ekit-nav-menu-one-page-no ekit-nav-dropdown-hover\"><ul id=\"menu-menu\" class=\"elementskit-navbar-nav elementskit-menu-po-left submenu-click-on-icon\"><li id=\"menu-item-171\" class=\"menu-item menu-item-type-custom menu-item-object-custom menu-item-171 nav-item elementskit-mobile-builder-content\" data-vertical-menu=750px><a href=\"\/\" class=\"ekit-menu-nav-link\">Pagina principal\u0103<\/a><\/li>\n<li id=\"menu-item-243\" class=\"menu-item menu-item-type-post_type menu-item-object-page menu-item-243 nav-item elementskit-mobile-builder-content\" data-vertical-menu=750px><a href=\"https:\/\/gomove.space\/?page_id=127\" class=\"ekit-menu-nav-link\">Contacte<\/a><\/li>\n<li id=\"menu-item-177\" class=\"menu-item menu-item-type-post_type menu-item-object-page menu-item-177 nav-item elementskit-mobile-builder-content\" data-vertical-menu=750px><a href=\"https:\/\/gomove.space\/?page_id=154\" class=\"ekit-menu-nav-link\">Pre\u0163<\/a><\/li>\n<li id=\"menu-item-172\" class=\"menu-item menu-item-type-custom menu-item-object-custom menu-item-172 nav-item elementskit-mobile-builder-content\" data-vertical-menu=750px><a href=\"\/?page_id=121\" class=\"ekit-menu-nav-link\">Blog<\/a><\/li>\n<li id=\"menu-item-244\" class=\"menu-item menu-item-type-custom menu-item-object-custom menu-item-has-children menu-item-244 nav-item elementskit-dropdown-has relative_position elementskit-dropdown-menu-default_width elementskit-mobile-builder-content\" data-vertical-menu=750px><a href=\"#\" class=\"ekit-menu-nav-link ekit-menu-dropdown-toggle\">Politica site-ului<i aria-hidden=\"true\" class=\"icon icon-down-arrow1 elementskit-submenu-indicator\"><\/i><\/a>\n<ul class=\"elementskit-dropdown elementskit-submenu-panel\">\n\t<li id=\"menu-item-174\" class=\"menu-item menu-item-type-custom menu-item-object-custom menu-item-174 nav-item elementskit-mobile-builder-content\" data-vertical-menu=750px><a href=\"\/?page_id=118\" class=\" dropdown-item\">Politica de confiden\u021bialitate<\/a>\t<li id=\"menu-item-175\" class=\"menu-item menu-item-type-custom menu-item-object-custom menu-item-175 nav-item elementskit-mobile-builder-content\" data-vertical-menu=750px><a href=\"\/?page_id=115\" class=\" dropdown-item\">Politica privind cookie-urile<\/a>\t<li id=\"menu-item-176\" class=\"menu-item menu-item-type-custom menu-item-object-custom menu-item-176 nav-item elementskit-mobile-builder-content\" data-vertical-menu=750px><a href=\"\/?page_id=124\" class=\" dropdown-item\">Declinare de responsabilitate<\/a><\/ul>\n<\/li>\n<\/ul><div class=\"elementskit-nav-identity-panel\"><button class=\"elementskit-menu-close elementskit-menu-toggler\" type=\"button\">X<\/button><\/div><\/div>\t\t\t\n\t\t\t<div class=\"elementskit-menu-overlay elementskit-menu-offcanvas-elements elementskit-menu-toggler ekit-nav-menu--overlay\"><\/div>        <\/nav>\n\t\t\t\t\t\t<\/div>\n\t\t\t\t<\/div>\n\t\t\t\t\t<\/div>\n\t\t\t\t<\/div>\n\t\t<div class=\"elementor-element elementor-element-1b25d1b5 e-flex e-con-boxed e-con e-parent\" data-id=\"1b25d1b5\" data-element_type=\"container\" data-settings=\"{&quot;background_background&quot;:&quot;gradient&quot;}\">\n\t\t\t\t\t<div class=\"e-con-inner\">\n\t\t\t\t<div class=\"elementor-element elementor-element-3490d567 elementor-widget elementor-widget-heading\" data-id=\"3490d567\" data-element_type=\"widget\" data-widget_type=\"heading.default\">\n\t\t\t\t<div class=\"elementor-widget-container\">\n\t\t\t\t\t<h2 class=\"elementor-heading-title elementor-size-default\">Declinare de responsabilitate<\/h2>\t\t\t\t<\/div>\n\t\t\t\t<\/div>\n\t\t\t\t\t<\/div>\n\t\t\t\t<\/div>\n\t\t<div class=\"elementor-element elementor-element-3b36fb2e e-flex e-con-boxed e-con e-parent\" data-id=\"3b36fb2e\" data-element_type=\"container\" data-settings=\"{&quot;background_background&quot;:&quot;classic&quot;}\">\n\t\t\t\t\t<div class=\"e-con-inner\">\n\t\t\t\t<div class=\"elementor-element elementor-element-76ca8a08 elementor-widget elementor-widget-text-editor\" data-id=\"76ca8a08\" data-element_type=\"widget\" data-widget_type=\"text-editor.default\">\n\t\t\t\t<div class=\"elementor-widget-container\">\n\t\t\t\t\t\t\t\t\t<p>Informa\u021bii generale<\/p><p>Informa\u021biile furnizate pe acest site web (denumite colectiv \u201eSite-ul\u201d) sunt doar \u00een scop informativ general. Toate informa\u021biile de pe Site sunt furnizate cu bun\u0103-credin\u021b\u0103; cu toate acestea, nu oferim nicio declara\u021bie sau garan\u021bie de niciun fel, expres\u0103 sau implicit\u0103, cu privire la exactitatea, adecvarea, validitatea, fiabilitatea, disponibilitatea sau caracterul complet al oric\u0103ror informa\u021bii de pe Site.<\/p><p>Sfaturi profesionale<\/p><p>Site-ul nu poate \u0219i nu con\u021bine sfaturi profesionale. Orice informa\u021bie furnizat\u0103 este doar \u00een scop informativ \u0219i educa\u021bional general \u0219i nu \u00eenlocuie\u0219te sfaturile profesionale. Prin urmare, \u00eenainte de a lua orice ac\u021biuni pe baza acestor informa\u021bii, v\u0103 \u00eencuraj\u0103m s\u0103 consulta\u021bi profesioni\u0219tii corespunz\u0103tori. Nu oferim niciun fel de sfaturi profesionale.<\/p><p>Declinare de responsabilitate privind linkurile externe<\/p><p>Site-ul poate con\u021bine (sau vi se pot trimite prin intermediul Site-ului) linkuri c\u0103tre alte site-uri web sau con\u021binut apar\u021bin\u00e2nd sau provenind de la ter\u021bi sau linkuri c\u0103tre site-uri web \u0219i func\u021bii din bannere sau alte reclame. Astfel de linkuri externe nu sunt investigate, monitorizate sau verificate de noi pentru exactitatea, adecvarea, validitatea, fiabilitatea, disponibilitatea sau caracterul complet.<\/p><p>Nu garant\u0103m, nu sus\u021binem \u0219i nu ne asum\u0103m responsabilitatea pentru exactitatea sau fiabilitatea niciunei informa\u021bii oferite de site-uri web ter\u021be la care se face trimitere prin intermediul Site-ului sau a oric\u0103rui site web sau func\u021bie la care se face trimitere \u00een orice banner sau alt\u0103 publicitate. Nu vom fi parte \u0219i nu vom fi responsabili \u00een niciun fel pentru monitorizarea niciunei tranzac\u021bii dintre dumneavoastr\u0103 \u0219i furnizori ter\u021bi de produse sau servicii.<\/p><p><br \/>Limitarea r\u0103spunderii<\/p><p><br \/>\u00cen nicio circumstan\u021b\u0103 nu vom avea nicio r\u0103spundere fa\u021b\u0103 de dumneavoastr\u0103 pentru nicio pierdere sau daun\u0103 de orice fel suferit\u0103 ca urmare a utiliz\u0103rii Site-ului sau a \u00eencrederii \u00een orice informa\u021bii furnizate pe Site. Utilizarea Site-ului \u0219i \u00eencrederea \u00een orice informa\u021bii de pe Site se fac exclusiv pe propriul risc.<\/p><p><br \/>Declinare de responsabilitate privind \u201eA\u0219a cum este\u201d \u0219i \u201eA\u0219a cum este disponibil\u201d<\/p><p><br \/>Site-ul este furnizat \u201ea\u0219a cum este\u201d \u0219i \u201ea\u0219a cum este disponibil\u201d, f\u0103r\u0103 nicio garan\u021bie de niciun fel, expres\u0103 sau implicit\u0103, inclusiv, dar f\u0103r\u0103 a se limita la, garan\u021biile implicite de vandabilitate, adecvare pentru un anumit scop sau ne\u00eenc\u0103lcare. Nu garant\u0103m c\u0103 Site-ul va func\u021biona ne\u00eentrerupt, sigur sau disponibil la un anumit moment sau loca\u021bie sau c\u0103 orice erori sau defecte vor fi corectate.<\/p><p>Modific\u0103ri ale acestei declara\u021bii de responsabilitate<\/p><p>Ne rezerv\u0103m dreptul de a modifica aceast\u0103 declara\u021bie de responsabilitate \u00een orice moment, f\u0103r\u0103 notificare prealabil\u0103. Este responsabilitatea dumneavoastr\u0103 s\u0103 revizui\u021bi periodic aceast\u0103 declara\u021bie de responsabilitate pentru a fi la curent cu actualiz\u0103rile.<\/p><p>Contacta\u021bi-ne<\/p><p>Dac\u0103 ave\u021bi \u00eentreb\u0103ri despre aceast\u0103 declara\u021bie de responsabilitate, v\u0103 rug\u0103m s\u0103 ne contacta\u021bi.<\/p>\t\t\t\t\t\t\t\t<\/div>\n\t\t\t\t<\/div>\n\t\t\t\t\t<\/div>\n\t\t\t\t<\/div>\n\t\t\t\t<\/div>\n\t\t","protected":false},"excerpt":{"rendered":"<p>gomove.space Home Page Contact Price Blog Privacy Policy Cookie Policy Disclaimer X Declinare de responsabilitate Informa\u021bii generale Informa\u021biile furnizate pe acest site web (denumite colectiv \u201eSite-ul\u201d) sunt doar \u00een scop informativ general. Toate informa\u021biile de pe Site sunt furnizate cu bun\u0103-credin\u021b\u0103; cu toate acestea, nu oferim nicio declara\u021bie sau garan\u021bie de niciun fel, expres\u0103 sau [&hellip;]<\/p>\n","protected":false},"author":1,"featured_media":0,"parent":0,"menu_order":0,"comment_status":"closed","ping_status":"closed","template":"elementor_canvas","meta":{"footnotes":""},"class_list":["post-124","page","type-page","status-publish","hentry"],"_links":{"self":[{"href":"https:\/\/gomove.space\/index.php?rest_route=\/wp\/v2\/pages\/124","targetHints":{"allow":["GET"]}}],"collection":[{"href":"https:\/\/gomove.space\/index.php?rest_route=\/wp\/v2\/pages"}],"about":[{"href":"https:\/\/gomove.space\/index.php?rest_route=\/wp\/v2\/types\/page"}],"author":[{"embeddable":true,"href":"https:\/\/gomove.space\/index.php?rest_route=\/wp\/v2\/users\/1"}],"replies":[{"embeddable":true,"href":"https:\/\/gomove.space\/index.php?rest_route=%2Fwp%2Fv2%2Fcomments&post=124"}],"version-history":[{"count":7,"href":"https:\/\/gomove.space\/index.php?rest_route=\/wp\/v2\/pages\/124\/revisions"}],"predecessor-version":[{"id":206,"href":"https:\/\/gomove.space\/index.php?rest_route=\/wp\/v2\/pages\/124\/revisions\/206"}],"wp:attachment":[{"href":"https:\/\/gomove.space\/index.php?rest_route=%2Fwp%2Fv2%2Fmedia&parent=124"}],"curies":[{"name":"wp","href":"https:\/\/api.w.org\/{rel}","templated":true}]}}